{"id":414,"date":"2020-08-29T22:20:47","date_gmt":"2020-08-29T19:20:47","guid":{"rendered":"http:\/\/haberv6.thewpdemo.com\/?page_id=414"},"modified":"2024-07-11T16:27:57","modified_gmt":"2024-07-11T16:27:57","slug":"kunye","status":"publish","type":"page","link":"https:\/\/elbistanhabermerkezi.com\/index.php\/kunye\/","title":{"rendered":"K\u00fcnye"},"content":{"rendered":"<p><img loading=\"lazy\" decoding=\"async\" class=\"alignnone size-full wp-image-15262\" src=\"https:\/\/elbistanhabermerkezi.com\/wp-content\/uploads\/2024\/07\/zzMerkez-yayin-grubu-logo-JPEG.png\" alt=\"\" width=\"1976\" height=\"2020\" srcset=\"https:\/\/elbistanhabermerkezi.com\/wp-content\/uploads\/2024\/07\/zzMerkez-yayin-grubu-logo-JPEG.png 1976w, https:\/\/elbistanhabermerkezi.com\/wp-content\/uploads\/2024\/07\/zzMerkez-yayin-grubu-logo-JPEG-391x400.png 391w, https:\/\/elbistanhabermerkezi.com\/wp-content\/uploads\/2024\/07\/zzMerkez-yayin-grubu-logo-JPEG-1002x1024.png 1002w, https:\/\/elbistanhabermerkezi.com\/wp-content\/uploads\/2024\/07\/zzMerkez-yayin-grubu-logo-JPEG-768x785.png 768w, https:\/\/elbistanhabermerkezi.com\/wp-content\/uploads\/2024\/07\/zzMerkez-yayin-grubu-logo-JPEG-1503x1536.png 1503w, https:\/\/elbistanhabermerkezi.com\/wp-content\/uploads\/2024\/07\/zzMerkez-yayin-grubu-logo-JPEG-103x105.png 103w, https:\/\/elbistanhabermerkezi.com\/wp-content\/uploads\/2024\/07\/zzMerkez-yayin-grubu-logo-JPEG-152x155.png 152w, https:\/\/elbistanhabermerkezi.com\/wp-content\/uploads\/2024\/07\/zzMerkez-yayin-grubu-logo-JPEG-216x221.png 216w, https:\/\/elbistanhabermerkezi.com\/wp-content\/uploads\/2024\/07\/zzMerkez-yayin-grubu-logo-JPEG-438x448.png 438w\" sizes=\"auto, (max-width: 1976px) 100vw, 1976px\" \/><\/p>\n<h1 style=\"text-align: center;\">ELB\u0130STAN HABER MERKEZ\u0130<\/h1>\n<h5 style=\"text-align: center;\">Sahibi<br \/>\n<span style=\"color: #ff0000;\">HAL\u0130L DEM\u0130R<\/span><\/h5>\n<h5 style=\"text-align: center;\">Sorumlu Yaz\u0131 \u0130\u015fleri M\u00fcd\u00fcr\u00fc<br \/>\n<span style=\"color: #ff0000;\">AL\u0130 DO\u011eAN<\/span><\/h5>\n<p style=\"text-align: center;\"><strong>Y\u00d6NET\u0130M YER\u0130<\/strong><\/p>\n<h5 style=\"text-align: center;\"><span style=\"color: #ff0000;\">AF\u015e\u0130N MERKEZ YAYIN GRUBU<\/span><\/h5>\n<h5 style=\"text-align: center;\"><span style=\"color: #ff0000;\">Kale Mahallesi El\u00e7ibey Caddesi No:24<\/span><\/h5>\n<h5 style=\"text-align: center;\"><span style=\"color: #ff0000;\">A101 Market Yan\u0131 Kat:1<\/span><\/h5>\n<h5 style=\"text-align: center;\">\u0130LET\u0130\u015e\u0130M TELEFONU<br \/>\n<span style=\"color: #ff0000;\">0 541 629 9466<\/span><\/h5>\n<p style=\"text-align: center;\"><strong>KURUMSAL E-POSTA<\/strong><\/p>\n<h5 style=\"text-align: center;\"><span style=\"color: #ff0000;\">personelmuduru46@hotmail.com<\/span><\/h5>\n<p style=\"text-align: center;\"><strong>ULUSAL ELEKTRON\u0130K TEBL\u0130GAT ADRES\u0130<\/strong><\/p>\n<p style=\"text-align: center;\"><span style=\"color: #ff0000;\"><strong>15754-57040-87782<\/strong><\/span><\/p>\n<p style=\"text-align: center;\"><strong>YER SA\u011eLAYICI T\u0130CARET UNVANI<\/strong><\/p>\n<p style=\"text-align: center;\"><span style=\"color: #ff0000;\"><strong>MUV Bili\u015fim ve Telekominikasyon Hizmetleri Ltd.\u015eti<\/strong><\/span><\/p>\n<p style=\"text-align: center;\"><strong>YER SA\u011eLAYICI ADRES\u0130<\/strong><\/p>\n<p style=\"text-align: center;\"><span style=\"color: #ff0000;\"><strong>\u00c7aml\u0131k Mahallesi Din\u00e7 Sokak A Blok 4\/36 \u00dcmraniye\/\u0130STANBUL<\/strong><\/span><\/p>\n<p style=\"text-align: center;\"><strong>WEB Arac\u0131<\/strong><\/p>\n<p>&nbsp;<\/p>\n<h5>YASAL B\u0130LD\u0130R\u0130MLER:<\/h5>\n<h5>*MARA\u015e HABER\u0130N MERKEZ\u0130\u00a0Bas\u0131n ahlak yasas\u0131na uymaya s\u00f6z vermi\u015ftir.<\/h5>\n<h5>*MARA\u015e HABER\u0130N MERKEZ\u0130\u2019nde yay\u0131nlanan t\u00fcm yaz\u0131lar\u0131n sorumlulu\u011fu Yazar\u0131na aittir.<\/h5>\n<h5>*MARA\u015e HABER\u0130N MERKEZ\u0130\u00a0sadece \u0130nternet Ortam\u0131nda Haber veren bir yay\u0131n organ\u0131d\u0131r.<\/h5>\n<h5>*MARA\u015e HABER\u0130N MERKEZ\u0130\u00a0herhangi bir Siyasi Partinin,Sivil Toplum Kurulu\u015funun yada bir Fikrin g\u00fcd\u00fcm\u00fcnde de\u011fildir,Objektiftir.<\/h5>\n<h5>*MARA\u015e HABER\u0130N MERKEZ\u0130\u00a0yay\u0131mlad\u0131\u011f\u0131 haber, g\u00f6r\u00fcnt\u00fc, foto\u011fraf ve internet ile wap i\u00e7in olu\u015fturdu\u011fu her t\u00fcrl\u00fc bilgi, \u00fccret anla\u015fmas\u0131 olmayanlar taraf\u0131ndan hi\u00e7bir \u015fekilde kullan\u0131lamaz. \u0130zin alanlar d\u0131\u015f\u0131nda \u00a0bu yay\u0131nlar \u00e7o\u011falt\u0131lamaz, ba\u015fka kurum ve kurulu\u015flara aktar\u0131lamaz. Ayk\u0131r\u0131 davrananlar hakk\u0131nda, hukuki ve cezai her t\u00fcrl\u00fc ba\u015fvuru hakk\u0131m\u0131z sakl\u0131d\u0131r.<\/h5>\n<h5>Yazarlar\u0131n kaleme ald\u0131klar\u0131 yaz\u0131lar\u0131n t\u00fcm sorumlulu\u011fu yazar\u0131na aittir.<\/h5>\n<h5>*MARA\u015e HABER\u0130N MERKEZ\u0130\u00a0AF\u015e\u0130N\u00a0MERKEZ YAYIN GRUBU Yay\u0131n Organ\u0131d\u0131r!<\/h5>\n<h5>*MARA\u015e HABER\u0130N MERKEZ\u0130\u00a0Af\u015fin Esnaf ve Sanatkarlar Odas\u0131 \u00fcyesidir.<\/h5>\n<h5>*MARA\u015e HABER\u0130N MERKEZ\u0130\u00a0Af\u015fin Esnaf Kredi ve Kefalet Kooperatifi \u00fcyesidir.<\/h5>\n<h5>*MARA\u015e HABER\u0130N MERKEZ\u0130\u00a0\u0130nternet Yay\u0131nlar\u0131 Derne\u011fi (\u0130YAD) \u00dcyesidir.<\/h5>\n<h5>*MARA\u015e HABER\u0130N MERKEZ\u0130\u00a0Eshab-\u0131 Kehf G\u00f6n\u00fcl El\u00e7ileri Derne\u011fi \u00dcyesidir.<\/h5>\n<h5>*MARA\u015e HABER\u0130N MERKEZ\u0130\u00a0SANAL BASIN \u00dcyesidir.<\/h5>\n<p><iframe loading=\"lazy\" src=\"\/\/www.youtube.com\/embed\/Big6KwqIh3g\" width=\"714\" height=\"400\" allowfullscreen=\"allowfullscreen\"><\/iframe><\/p>\n<h5>ADRES:<\/h5>\n<h5>AF\u015e\u0130N MERKEZ YAYIN GRUBU<\/h5>\n<h5>Kale Mahallesi El\u00e7ibey Caddesi<\/h5>\n<h5>Arma Market Yan\u0131 Kat:1<\/h5>\n<h5>Gsm: 0 541 629 9466<\/h5>\n<h5>*<\/h5>\n<h5>afsinhabermerkezi@gmail.com<\/h5>\n<h5>personelmuduru46@hotmail.com<\/h5>\n<h5>yarpuzedebiyatdergisi@gmail.com<\/h5>\n<h5>afsinmedyacenter@gmail.com<\/h5>\n<h5>Af\u015fin\/Kahramanmara\u015f<\/h5>\n<h5>*<\/h5>\n<h5>Af\u015fin Vergi Dairesi Numaras\u0131<\/h5>\n<h5>275 043 4431<\/h5>\n<h5>*<\/h5>\n<h5><img decoding=\"async\" class=\"aligncenter\" src=\"http:\/\/afsinismerkezi.com\/resimler\/images\/logo.gif\" alt=\"\" \/><\/h5>\n<h5>HALK BANKASI\/AF\u015e\u0130N \u015eUBES\u0130<\/h5>\n<h5>Hesap No:1235 09102396<\/h5>\n<h5>IBAN No:TR12 0001 2001 2350 0009 1023 96<\/h5>\n<h5>*<\/h5>\n<h5>\u0130\u015e BANKASI\/AF\u015e\u0130N \u015eUBES\u0130<\/h5>\n<h5>Hesap No:6461 0372135<\/h5>\n<h5>IBAN No: TR05 0006 4000 0016 4610 3721 35<\/h5>\n<h5>*<\/h5>\n<h5>T\u00fcrkiye GAZ\u0130LER Dergisi<\/h5>\n<h5>Af\u015fin Temsilcili\u011fi<\/h5>\n<h5>*<\/h5>\n<h5>AK\u0130T Gazetesi<\/h5>\n<h5>(Muhabirlik)<\/h5>\n<p><img loading=\"lazy\" decoding=\"async\" class=\"alignnone size-full wp-image-15264\" src=\"https:\/\/elbistanhabermerkezi.com\/wp-content\/uploads\/2024\/07\/Halil-DEMIR11.jpg\" alt=\"\" width=\"1000\" height=\"928\" srcset=\"https:\/\/elbistanhabermerkezi.com\/wp-content\/uploads\/2024\/07\/Halil-DEMIR11.jpg 1000w, https:\/\/elbistanhabermerkezi.com\/wp-content\/uploads\/2024\/07\/Halil-DEMIR11-431x400.jpg 431w, https:\/\/elbistanhabermerkezi.com\/wp-content\/uploads\/2024\/07\/Halil-DEMIR11-768x713.jpg 768w, https:\/\/elbistanhabermerkezi.com\/wp-content\/uploads\/2024\/07\/Halil-DEMIR11-113x105.jpg 113w, https:\/\/elbistanhabermerkezi.com\/wp-content\/uploads\/2024\/07\/Halil-DEMIR11-167x155.jpg 167w, https:\/\/elbistanhabermerkezi.com\/wp-content\/uploads\/2024\/07\/Halil-DEMIR11-238x221.jpg 238w, https:\/\/elbistanhabermerkezi.com\/wp-content\/uploads\/2024\/07\/Halil-DEMIR11-483x448.jpg 483w\" sizes=\"auto, (max-width: 1000px) 100vw, 1000px\" \/><\/p>\n","protected":false},"excerpt":{"rendered":"<p>ELB\u0130STAN HABER MERKEZ\u0130 Sahibi HAL\u0130L DEM\u0130R Sorumlu Yaz\u0131 \u0130\u015fleri M\u00fcd\u00fcr\u00fc AL\u0130 DO\u011eAN Y\u00d6NET\u0130M YER\u0130 AF\u015e\u0130N MERKEZ YAYIN GRUBU Kale Mahallesi El\u00e7ibey Caddesi No:24 A101 Market Yan\u0131 Kat:1 \u0130LET\u0130\u015e\u0130M TELEFONU 0 541 629 9466 KURUMSAL E-POSTA personelmuduru46@hotmail.com ULUSAL ELEKTRON\u0130K TEBL\u0130GAT ADRES\u0130 15754-57040-87782 YER SA\u011eLAYICI T\u0130CARET UNVANI MUV Bili\u015fim ve Telekominikasyon Hizmetleri Ltd.\u015eti YER SA\u011eLAYICI ADRES\u0130 \u00c7aml\u0131k [&hellip;]<\/p>\n","protected":false},"author":1,"featured_media":0,"parent":0,"menu_order":0,"comment_status":"closed","ping_status":"closed","template":"","meta":{"footnotes":""},"class_list":["post-414","page","type-page","status-publish","hentry"],"jetpack_sharing_enabled":true,"_links":{"self":[{"href":"https:\/\/elbistanhabermerkezi.com\/index.php\/wp-json\/wp\/v2\/pages\/414","targetHints":{"allow":["GET"]}}],"collection":[{"href":"https:\/\/elbistanhabermerkezi.com\/index.php\/wp-json\/wp\/v2\/pages"}],"about":[{"href":"https:\/\/elbistanhabermerkezi.com\/index.php\/wp-json\/wp\/v2\/types\/page"}],"author":[{"embeddable":true,"href":"https:\/\/elbistanhabermerkezi.com\/index.php\/wp-json\/wp\/v2\/users\/1"}],"replies":[{"embeddable":true,"href":"https:\/\/elbistanhabermerkezi.com\/index.php\/wp-json\/wp\/v2\/comments?post=414"}],"version-history":[{"count":3,"href":"https:\/\/elbistanhabermerkezi.com\/index.php\/wp-json\/wp\/v2\/pages\/414\/revisions"}],"predecessor-version":[{"id":15326,"href":"https:\/\/elbistanhabermerkezi.com\/index.php\/wp-json\/wp\/v2\/pages\/414\/revisions\/15326"}],"wp:attachment":[{"href":"https:\/\/elbistanhabermerkezi.com\/index.php\/wp-json\/wp\/v2\/media?parent=414"}],"curies":[{"name":"wp","href":"https:\/\/api.w.org\/{rel}","templated":true}]}}